{"id":4929,"date":"2021-05-24T22:08:44","date_gmt":"2021-05-24T20:08:44","guid":{"rendered":"https:\/\/hotel-les-oliviers.eu\/?page_id=4929"},"modified":"2022-10-13T20:46:25","modified_gmt":"2022-10-13T18:46:25","slug":"the-region","status":"publish","type":"page","link":"https:\/\/hotel-les-oliviers.eu\/en\/the-region\/","title":{"rendered":"The region"},"content":{"rendered":"\n[et_pb_section fb_built=&#8221;1&#8243; admin_label=&#8221;Titre Box flottante&#8221; _builder_version=&#8221;4.9.4&#8243; use_background_color_gradient=&#8221;on&#8221; background_color_gradient_start=&#8221;rgba(0,0,0,0.5)&#8221; background_color_gradient_end=&#8221;rgba(0,0,0,0)&#8221; background_color_gradient_overlays_image=&#8221;on&#8221; background_image=&#8221;https:\/\/hotel-les-oliviers.eu\/wp-content\/uploads\/2021\/04\/QIU01853P.jpg&#8221; parallax=&#8221;on&#8221; width=&#8221;100%&#8221; max_width=&#8221;100%&#8221; custom_margin=&#8221;||||false|false&#8221; custom_padding=&#8221;3.1%||3.1%||true|false&#8221; da_disable_devices=&#8221;off|off|off&#8221; locked=&#8221;off&#8221; da_is_popup=&#8221;off&#8221; da_exit_intent=&#8221;off&#8221; da_has_close=&#8221;on&#8221; da_alt_close=&#8221;off&#8221; da_dark_close=&#8221;off&#8221; da_not_modal=&#8221;on&#8221; da_is_singular=&#8221;off&#8221; da_with_loader=&#8221;off&#8221; da_has_shadow=&#8221;on&#8221;][et_pb_row _builder_version=&#8221;4.9.4&#8243; background_size=&#8221;initial&#8221; background_position=&#8221;top_left&#8221; background_repeat=&#8221;repeat&#8221; width=&#8221;100%&#8221;][et_pb_column type=&#8221;4_4&#8243; _builder_version=&#8221;3.25&#8243; custom_padding=&#8221;|||&#8221; custom_padding__hover=&#8221;|||&#8221;][et_pb_text admin_label=&#8221;Title&#8221; _builder_version=&#8221;4.9.4&#8243; text_font=&#8221;||||||||&#8221; text_font_size=&#8221;22px&#8221; header_font=&#8221;|||on|||||&#8221; header_text_align=&#8221;center&#8221; header_font_size=&#8221;60px&#8221; header_letter_spacing=&#8221;6px&#8221; header_line_height=&#8221;1.4em&#8221; text_orientation=&#8221;center&#8221; background_layout=&#8221;dark&#8221; max_width=&#8221;800px&#8221; module_alignment=&#8221;center&#8221; animation_style=&#8221;slide&#8221; animation_direction=&#8221;top&#8221; animation_intensity_slide=&#8221;3%&#8221; animation_starting_opacity=&#8221;100%&#8221; header_font_size_tablet=&#8221;40px&#8221; header_font_size_phone=&#8221;&#8221; header_font_size_last_edited=&#8221;on|tablet&#8221;]<h1>The region<\/h1>\n<h4 class=\"spip\">Discover our beautiful region<\/h4>[\/et_pb_text][\/et_pb_column][\/et_pb_row][\/et_pb_section][et_pb_section fb_built=&#8221;1&#8243; _builder_version=&#8221;4.5.1&#8243; _module_preset=&#8221;default&#8221; da_disable_devices=&#8221;off|off|off&#8221; da_is_popup=&#8221;off&#8221; da_exit_intent=&#8221;off&#8221; da_has_close=&#8221;on&#8221; da_alt_close=&#8221;off&#8221; da_dark_close=&#8221;off&#8221; da_not_modal=&#8221;on&#8221; da_is_singular=&#8221;off&#8221; da_with_loader=&#8221;off&#8221; da_has_shadow=&#8221;on&#8221;][et_pb_row column_structure=&#8221;1_3,1_3,1_3&#8243; _builder_version=&#8221;4.9.4&#8243; _module_preset=&#8221;default&#8221;][et_pb_column type=&#8221;1_3&#8243; _builder_version=&#8221;4.5.1&#8243; _module_preset=&#8221;default&#8221;][et_pb_blurb title=&#8221;Dr\u00f4me on foot&#8221; image=&#8221;https:\/\/hotel-les-oliviers.eu\/wp-content\/uploads\/2021\/04\/Drome-a-pied.jpg&#8221; admin_label=&#8221;La Dr\u00f4me \u00e0 pied&#8221; _builder_version=&#8221;4.9.4&#8243; _module_preset=&#8221;default&#8221;]<p>Hiking in Dr\u00f4me with family or friends means taking full advantage of the great outdoors such as the Vercors or the Baronnies. All choices are possible, from very easy, ideal for a family ride, to difficult, for experienced and athletic hikers.<br><span style=\"color: #808080\"><a href=\"https:\/\/www.ladrometourisme.com\/depensez-vous\/destination-rando\/fiches-rando\/\" target=\"_blank\" rel=\"noopener\" style=\"color: #808080\">www.ladrometourisme.com<\/a><\/span><\/p>[\/et_pb_blurb][\/et_pb_column][et_pb_column type=&#8221;1_3&#8243; _builder_version=&#8221;4.5.1&#8243; _module_preset=&#8221;default&#8221;][et_pb_blurb title=&#8221;The gorges of the Ard\u00e8che&#8221; image=&#8221;https:\/\/hotel-les-oliviers.eu\/wp-content\/uploads\/2021\/04\/gorges.jpg&#8221; admin_label=&#8221;Les gorges de l&#8217;Ard\u00e8che&#8221; _builder_version=&#8221;4.9.4&#8243; _module_preset=&#8221;default&#8221;]<p>Ard\u00e8che tourist site which forms a real canyon of about thirty kilometers dug in the limestone plateau between the Pont d&#8217;Arc (Vallon-Pont-d&#8217;Arc) and Saint-Martin-d&#8217;Ard\u00e8che, can be followed by car from the side north by a panoramic road through the scrubland.<\/p>[\/et_pb_blurb][\/et_pb_column][et_pb_column type=&#8221;1_3&#8243; _builder_version=&#8221;4.5.1&#8243; _module_preset=&#8221;default&#8221;][et_pb_blurb title=&#8221;The Dr\u00f4me by canoe&#8221; image=&#8221;https:\/\/hotel-les-oliviers.eu\/wp-content\/uploads\/2021\/04\/canoe.jpg&#8221; admin_label=&#8221;La Dr\u00f4me en cano\u00eb&#8221; _builder_version=&#8221;4.9.4&#8243; _module_preset=&#8221;default&#8221; custom_padding=&#8221;||1px|||&#8221;]<p>Between lavender and cicadas, you will discover canoe descents from 3 to 45 km.<br class=\"autobr\"><a class=\"spip_out\" href=\"http:\/\/www.canoe-drome.com\/\" target=\"_blank\" rel=\"external noopener\"><span style=\"color: #808080\">www.canoe-drome.com<\/span><\/a><\/p>[\/et_pb_blurb][\/et_pb_column][\/et_pb_row][et_pb_row column_structure=&#8221;1_3,1_3,1_3&#8243; _builder_version=&#8221;4.5.1&#8243; _module_preset=&#8221;default&#8221;][et_pb_column type=&#8221;1_3&#8243; _builder_version=&#8221;4.5.1&#8243; _module_preset=&#8221;default&#8221;][et_pb_blurb title=&#8221;Ard\u00e8che by canoe&#8221; image=&#8221;https:\/\/hotel-les-oliviers.eu\/wp-content\/uploads\/2021\/04\/canoe2.jpg&#8221; admin_label=&#8221;L&#8217;Ard\u00e8che en cano\u00eb&#8221; _builder_version=&#8221;4.9.4&#8243; _module_preset=&#8221;default&#8221;]<p>Hiking in the Gorges de l&#8217;Ard\u00e8che by canoe, kayak or kraft. Unforgettable spectacle of the wild beauty of a protected site, classified as a Nature Reserve.<br class=\"autobr\"><a class=\"spip_out\" href=\"http:\/\/www.canoe-ardeche.com\/\" target=\"_blank\" rel=\"external noopener\"><span style=\"color: #808080\">www.canoe-ardeche.com<\/span><\/a><\/p>[\/et_pb_blurb][\/et_pb_column][et_pb_column type=&#8221;1_3&#8243; _builder_version=&#8221;4.5.1&#8243; _module_preset=&#8221;default&#8221;][et_pb_blurb title=&#8221;Mountain biking&#8221; image=&#8221;https:\/\/hotel-les-oliviers.eu\/wp-content\/uploads\/2021\/04\/VTT.jpg&#8221; admin_label=&#8221;Randonn\u00e9e VTT&#8221; _builder_version=&#8221;4.9.4&#8243; _module_preset=&#8221;default&#8221;]<p>Possibility of mountain bike rental. The Dr\u00f4me by bike is a departmental network of over 2,000 km of roads recommended for two-wheelers with specific signage. Hybrid bike and mountain bike course.<br><span style=\"color: #808080\"><a href=\"https:\/\/www.rando-velo-drome.com\/tout-savoir-sur-le-vtt-dans-la-drome\/\" target=\"_blank\" rel=\"noopener\" style=\"color: #808080\">www.rando-velo-drome.com<\/a><\/span><\/p>[\/et_pb_blurb][\/et_pb_column][et_pb_column type=&#8221;1_3&#8243; _builder_version=&#8221;4.5.1&#8243; _module_preset=&#8221;default&#8221;][et_pb_blurb title=&#8221;Quad&#8221; image=&#8221;https:\/\/hotel-les-oliviers.eu\/wp-content\/uploads\/2021\/04\/quad-1.jpg&#8221; admin_label=&#8221;Quad&#8221; _builder_version=&#8221;4.9.4&#8243; _module_preset=&#8221;default&#8221;]<p>Quad rides in the Dr\u00f4me Proven\u00e7ale, supervised by a licensed guide. 800 hectare private estate.<br class=\"autobr\"><span style=\"color: #808080\"><a class=\"spip_out\" href=\"https:\/\/www.tripadvisor.fr\/Attraction_Review-g286341-d5038257-Reviews-Quadrome_Evasion-Dieulefit_Drome_Auvergne_Rhone_Alpes.html\" target=\"_blank\" rel=\"external noopener\" style=\"color: #808080\">www.tripadvisor.fr<\/a><\/span><\/p>[\/et_pb_blurb][\/et_pb_column][\/et_pb_row][et_pb_row column_structure=&#8221;1_3,1_3,1_3&#8243; _builder_version=&#8221;4.5.1&#8243; _module_preset=&#8221;default&#8221;][et_pb_column type=&#8221;1_3&#8243; _builder_version=&#8221;4.5.1&#8243; _module_preset=&#8221;default&#8221;][et_pb_blurb title=&#8221;Paintball&#8221; image=&#8221;https:\/\/hotel-les-oliviers.eu\/wp-content\/uploads\/2021\/04\/paintball.jpg&#8221; admin_label=&#8221;Paintball&#8221; _builder_version=&#8221;4.9.4&#8243; _module_preset=&#8221;default&#8221;]<p>Leisure park 5 km away.<br class=\"autobr\"><span style=\"color: #808080\"><a class=\"spip_out\" href=\"http:\/\/www.loisirs-paint-ball-drome.fr\/\" target=\"_blank\" rel=\"external noopener\" style=\"color: #808080\">www.loisirs-paint-ball-drome.fr<\/a><\/span><\/p>[\/et_pb_blurb][\/et_pb_column][et_pb_column type=&#8221;1_3&#8243; _builder_version=&#8221;4.5.1&#8243; _module_preset=&#8221;default&#8221;][et_pb_blurb title=&#8221;Dr\u00f4me market&#8221; image=&#8221;https:\/\/hotel-les-oliviers.eu\/wp-content\/uploads\/2021\/04\/peches.jpg&#8221; _builder_version=&#8221;4.9.4&#8243; _module_preset=&#8221;default&#8221;]<p>The markets bring life to the heart of 75 towns and villages in the Dr\u00f4me every week.<br><span style=\"color: #808080\"><a href=\"https:\/\/www.dromeprovencale.fr\/votre-sejour\/agenda\/marches\/\" target=\"_blank\" rel=\"noopener\" style=\"color: #808080\">www.dromeprovencale.fr<\/a><\/span><\/p>[\/et_pb_blurb][\/et_pb_column][et_pb_column type=&#8221;1_3&#8243; _builder_version=&#8221;4.5.1&#8243; _module_preset=&#8221;default&#8221;][et_pb_blurb title=&#8221;The Chauvet cave&#8221; image=&#8221;https:\/\/hotel-les-oliviers.eu\/wp-content\/uploads\/2021\/04\/grotte.jpg&#8221; _builder_version=&#8221;4.9.4&#8243; _module_preset=&#8221;default&#8221;]<p>The Chauvet cave or Caverne du Pont-d&#8217;Arc is an ornate Paleolithic cave listed as a UNESCO World Heritage Site.<br><a href=\"https:\/\/www.grottechauvet2ardeche.com\" target=\"_blank\" rel=\"noopener\"><span style=\"color: #808080\">www.grottechauvet2ardeche.com<\/span><\/a><\/p>[\/et_pb_blurb][\/et_pb_column][\/et_pb_row][et_pb_row column_structure=&#8221;1_3,1_3,1_3&#8243; _builder_version=&#8221;4.5.1&#8243; _module_preset=&#8221;default&#8221;][et_pb_column type=&#8221;1_3&#8243; _builder_version=&#8221;4.5.1&#8243; _module_preset=&#8221;default&#8221;][et_pb_blurb title=&#8221;Tower of Crest&#8221; image=&#8221;https:\/\/hotel-les-oliviers.eu\/wp-content\/uploads\/2021\/04\/Tour.jpg&#8221; _builder_version=&#8221;4.9.4&#8243; _module_preset=&#8221;default&#8221;]<p>An imposing vestige of the Ch\u00e2teau de Crest, La Tour de Crest is one of the tallest dungeons in Europe (52 meters).<br><span style=\"color: #808080\"><a href=\"https:\/\/tourdecrest.fr\" target=\"_blank\" rel=\"noopener\" style=\"color: #808080\">Tower of Crest<\/a><\/span><\/p>[\/et_pb_blurb][\/et_pb_column][et_pb_column type=&#8221;1_3&#8243; _builder_version=&#8221;4.5.1&#8243; _module_preset=&#8221;default&#8221;][et_pb_blurb title=&#8221;Chateau of Grignan&#8221; image=&#8221;https:\/\/hotel-les-oliviers.eu\/wp-content\/uploads\/2021\/04\/Grignan.jpg&#8221; admin_label=&#8221;Chateau de Grignan&#8221; _builder_version=&#8221;4.9.4&#8243; _module_preset=&#8221;default&#8221;]<p>The Ch\u00e2teau de Grignan is a 12th century chateau built on a rocky outcrop overlooking Grignan in Provencal Dr\u00f4me, transformed into a fortress in the 13th century by the Adh\u00e9mar family.<br><span style=\"color: #808080\"><a href=\"https:\/\/www.chateaux-ladrome.fr\/fr\/chateau-de-grignan\" target=\"_blank\" rel=\"noopener\" style=\"color: #808080\">www.chateaux-ladrome.fr<\/a><\/span><\/p>[\/et_pb_blurb][\/et_pb_column][et_pb_column type=&#8221;1_3&#8243; _builder_version=&#8221;4.5.1&#8243; _module_preset=&#8221;default&#8221;][et_pb_blurb title=&#8221;Labyrinths of Hauterives&#8221; image=&#8221;https:\/\/hotel-les-oliviers.eu\/wp-content\/uploads\/2021\/04\/Labyrinthe-Hauterives.jpg&#8221; admin_label=&#8221;Labyrinthes de Hauterives&#8221; _builder_version=&#8221;4.9.4&#8243; _module_preset=&#8221;default&#8221;]<p>4 labyrinths forming spirals, dead ends and romantic paths. More than 6000 trees and 7km of course in the arbor of Glycine, Lavender, Cypress and Charmilles. An ideal site for children, young people and the whole family.<br><a href=\"http:\/\/www.labyrinthes-hauterives.com\" target=\"_blank\" rel=\"noopener\"><span style=\"color: #808080\">www.labyrinthes-hauterives.com<\/span><\/a><\/p>[\/et_pb_blurb][\/et_pb_column][\/et_pb_row][et_pb_row column_structure=&#8221;1_3,1_3,1_3&#8243; _builder_version=&#8221;4.5.1&#8243; _module_preset=&#8221;default&#8221;][et_pb_column type=&#8221;1_3&#8243; _builder_version=&#8221;4.5.1&#8243; _module_preset=&#8221;default&#8221;][et_pb_blurb title=&#8221;The ideal palace for the horse postman&#8221; image=&#8221;https:\/\/hotel-les-oliviers.eu\/wp-content\/uploads\/2021\/04\/Facteur-cheval.jpg&#8221; admin_label=&#8221;Le palais id\u00e9al du facteur cheval&#8221; _builder_version=&#8221;4.9.4&#8243; _module_preset=&#8221;default&#8221;]<p>Historical monument built by the factor Ferdinand Cheval from 1879 to 1912: 10,000 days, 93,000 hours, 33 years of hardship. A strange mausoleum of stones and cement.<br><span style=\"color: #808080\"><a href=\"https:\/\/www.facteurcheval.com\" target=\"_blank\" rel=\"noopener\" style=\"color: #808080\">www.factercheval.com<\/a><\/span><\/p>[\/et_pb_blurb][\/et_pb_column][et_pb_column type=&#8221;1_3&#8243; _builder_version=&#8221;4.5.1&#8243; _module_preset=&#8221;default&#8221;][et_pb_blurb title=&#8221;The crocodile farm&#8221; image=&#8221;https:\/\/hotel-les-oliviers.eu\/wp-content\/uploads\/2021\/04\/La-ferme-aux-crocodiles.jpg&#8221; admin_label=&#8221;La ferme aux crocodiles&#8221; _builder_version=&#8221;4.9.4&#8243; _module_preset=&#8221;default&#8221;]<p>Zoological park consisting of a greenhouse of 8,000 m2 and an outdoor course of 4,000 m2, where you can observe more than 350 specimens of crocodiles, turtles and tropical birds.<br><a href=\"https:\/\/www.lafermeauxcrocodiles.com\" target=\"_blank\" rel=\"noopener\"><span style=\"color: #808080\">www.lafermeauxcrocodiles.com<\/span><\/a><\/p>[\/et_pb_blurb][\/et_pb_column][et_pb_column type=&#8221;1_3&#8243; _builder_version=&#8221;4.5.1&#8243; _module_preset=&#8221;default&#8221;][et_pb_blurb title=&#8221;The bird garden&#8221; image=&#8221;https:\/\/hotel-les-oliviers.eu\/wp-content\/uploads\/2021\/04\/jardin-oiseaux.jpg&#8221; admin_label=&#8221;Le jardin aux oiseaux&#8221; _builder_version=&#8221;4.9.4&#8243; _module_preset=&#8221;default&#8221; hover_enabled=&#8221;0&#8243; sticky_enabled=&#8221;0&#8243;]<p>Zoological and Botanical Park presenting more than a thousand birds (of 215 different species) from all continents spread over 6 generously shaded and hilly hectares.<br><span style=\"color: #808080\"><a href=\"https:\/\/www.jardin-aux-oiseaux.com\/fr\/plan-d-acces_a_56.html\" target=\"_blank\" rel=\"noopener\" style=\"color: #808080\">www.jardin-aux-oiseaux.com<\/a><\/span><\/p>\n<p>&nbsp;<\/p>[\/et_pb_blurb][\/et_pb_column][\/et_pb_row][\/et_pb_section]\n","protected":false},"excerpt":{"rendered":"<p>The region Discover our beautiful regionHiking in Dr\u00f4me with family or friends means taking full advantage of the great outdoors such as the Vercors or the Baronnies. All choices are possible, from very easy, ideal for a family ride, to difficult, for experienced and athletic hikers.www.ladrometourisme.comArd\u00e8che tourist site which forms a real canyon of about [&hellip;]<\/p>\n","protected":false},"author":1,"featured_media":0,"parent":0,"menu_order":0,"comment_status":"closed","ping_status":"closed","template":"","meta":{"_et_pb_use_builder":"on","_et_pb_old_content":"","_et_gb_content_width":"","cybocfi_hide_featured_image":"","footnotes":""},"class_list":["post-4929","page","type-page","status-publish","hentry"],"_links":{"self":[{"href":"https:\/\/hotel-les-oliviers.eu\/en\/wp-json\/wp\/v2\/pages\/4929","targetHints":{"allow":["GET"]}}],"collection":[{"href":"https:\/\/hotel-les-oliviers.eu\/en\/wp-json\/wp\/v2\/pages"}],"about":[{"href":"https:\/\/hotel-les-oliviers.eu\/en\/wp-json\/wp\/v2\/types\/page"}],"author":[{"embeddable":true,"href":"https:\/\/hotel-les-oliviers.eu\/en\/wp-json\/wp\/v2\/users\/1"}],"replies":[{"embeddable":true,"href":"https:\/\/hotel-les-oliviers.eu\/en\/wp-json\/wp\/v2\/comments?post=4929"}],"version-history":[{"count":0,"href":"https:\/\/hotel-les-oliviers.eu\/en\/wp-json\/wp\/v2\/pages\/4929\/revisions"}],"wp:attachment":[{"href":"https:\/\/hotel-les-oliviers.eu\/en\/wp-json\/wp\/v2\/media?parent=4929"}],"curies":[{"name":"wp","href":"https:\/\/api.w.org\/{rel}","templated":true}]}}